{"id":24,"date":"2020-06-12T18:46:27","date_gmt":"2020-06-12T18:46:27","guid":{"rendered":"https:\/\/freunde-kk-bgd.de\/?page_id=24"},"modified":"2026-04-03T21:05:34","modified_gmt":"2026-04-03T21:05:34","slug":"aktuelles","status":"publish","type":"page","link":"https:\/\/freunde-kk-bgd.de\/?page_id=24","title":{"rendered":"Aktuelles"},"content":{"rendered":"\n<figure class=\"wp-block-gallery has-nested-images columns-default is-cropped wp-block-gallery-1 is-layout-flex wp-block-gallery-is-layout-flex\">\n<figure class=\"wp-block-image size-large is-style-default\"><img loading=\"lazy\" decoding=\"async\" width=\"300\" height=\"450\" data-id=\"1672\" src=\"https:\/\/freunde-kk-bgd.de\/wp-content\/uploads\/2026\/04\/Einladung-Maiandacht-05_2026-300x450.jpg\" alt=\"\" class=\"wp-image-1672\" srcset=\"https:\/\/freunde-kk-bgd.de\/wp-content\/uploads\/2026\/04\/Einladung-Maiandacht-05_2026-300x450.jpg 300w, https:\/\/freunde-kk-bgd.de\/wp-content\/uploads\/2026\/04\/Einladung-Maiandacht-05_2026-200x300.jpg 200w, https:\/\/freunde-kk-bgd.de\/wp-content\/uploads\/2026\/04\/Einladung-Maiandacht-05_2026-768x1152.jpg 768w, https:\/\/freunde-kk-bgd.de\/wp-content\/uploads\/2026\/04\/Einladung-Maiandacht-05_2026.jpg 1024w\" sizes=\"auto, (max-width: 300px) 100vw, 300px\" \/><\/figure>\n<\/figure>\n\n\n\n<p class=\"has-text-align-center\">&#8212;&#8212;&#8212;&#8212;&#8212;&#8212;&#8212;&#8212;&#8212;&#8212;&#8212;&#8212;&#8212;&#8212;&#8212;&#8212;&#8212;&#8212;&#8212;&#8212;&#8212;&#8211;<\/p>\n\n\n\n<figure class=\"wp-block-image size-large\"><img loading=\"lazy\" decoding=\"async\" width=\"600\" height=\"450\" src=\"https:\/\/freunde-kk-bgd.de\/wp-content\/uploads\/2025\/10\/Herbstgrillen_2025-600x450.jpg\" alt=\"\" class=\"wp-image-1590\" srcset=\"https:\/\/freunde-kk-bgd.de\/wp-content\/uploads\/2025\/10\/Herbstgrillen_2025-600x450.jpg 600w, https:\/\/freunde-kk-bgd.de\/wp-content\/uploads\/2025\/10\/Herbstgrillen_2025-300x225.jpg 300w, https:\/\/freunde-kk-bgd.de\/wp-content\/uploads\/2025\/10\/Herbstgrillen_2025-768x576.jpg 768w, https:\/\/freunde-kk-bgd.de\/wp-content\/uploads\/2025\/10\/Herbstgrillen_2025-1536x1152.jpg 1536w, https:\/\/freunde-kk-bgd.de\/wp-content\/uploads\/2025\/10\/Herbstgrillen_2025-1568x1176.jpg 1568w, https:\/\/freunde-kk-bgd.de\/wp-content\/uploads\/2025\/10\/Herbstgrillen_2025.jpg 2016w\" sizes=\"auto, (max-width: 600px) 100vw, 600px\" \/><\/figure>\n\n\n\n<p>Das traditionelle Herbstgrillen f\u00fcr die Mitarbeiter der Fachklinik Berchtesgaden fand bei passendem Wetter statt. Mit dabei waren unter anderem Standortleiter Stefan Prawda, Chef\u00e4rztin Dr. Kornelia Zenker-Wendlinger und Doris Mielsch vom Betriebsrat. Gesponsert wurde die gut besuchte Festivit\u00e4t von den Freunden der Fachklinik Berchtesgaden; f\u00fcr den Verein waren Irmgard Sch\u00f6ner-Lenz, Ute Spiesberger und Schriftf\u00fchrer Hermann Lochschmied anwesend<\/p>\n\n\n\n<p>&#8212;&#8212;&#8212;&#8212;&#8212;&#8212;&#8212;&#8212;&#8212;&#8212;&#8212;&#8212;&#8212;&#8212;&#8212;&#8212;&#8212;&#8212;&#8212;&#8212;&#8212;<\/p>\n\n\n\n<figure class=\"wp-block-image size-large\"><img loading=\"lazy\" decoding=\"async\" width=\"600\" height=\"415\" src=\"https:\/\/freunde-kk-bgd.de\/wp-content\/uploads\/2025\/05\/Maiandacht_II_2025-600x415.jpg\" alt=\"\" class=\"wp-image-1566\" srcset=\"https:\/\/freunde-kk-bgd.de\/wp-content\/uploads\/2025\/05\/Maiandacht_II_2025-600x415.jpg 600w, https:\/\/freunde-kk-bgd.de\/wp-content\/uploads\/2025\/05\/Maiandacht_II_2025-300x208.jpg 300w, https:\/\/freunde-kk-bgd.de\/wp-content\/uploads\/2025\/05\/Maiandacht_II_2025-768x532.jpg 768w, https:\/\/freunde-kk-bgd.de\/wp-content\/uploads\/2025\/05\/Maiandacht_II_2025-1536x1063.jpg 1536w, https:\/\/freunde-kk-bgd.de\/wp-content\/uploads\/2025\/05\/Maiandacht_II_2025-2048x1417.jpg 2048w, https:\/\/freunde-kk-bgd.de\/wp-content\/uploads\/2025\/05\/Maiandacht_II_2025-1568x1085.jpg 1568w\" sizes=\"auto, (max-width: 600px) 100vw, 600px\" \/><\/figure>\n\n\n\n<p>In der Krankenhauskapelle konnten die Freunde der Fachklinik Berchtesgaden e.V. vertreten durch Dr. Ursula Reichelt (3.v.l.) und Hermann Lochschmied (5.v.l.) ihre traditionelle <strong>Maiandacht <\/strong>feiern.<\/p>\n\n\n\n<p>Zelebriert wurde die Messe durch Pater Manfred (1.v.l) musikalisch begleitet durch Maria Petersen (6.v.l.) an der Harfe.<\/p>\n\n\n\n<p>Neben zahlreichen Besuchern konnten auch der Standortleiter der Kliniken SOB Stefan Prawda (2.v.l.) und die Chef\u00e4rztin Dr. Kornelia Zenker-Wendlinger (4.v.l.) begr\u00fc\u00dft werden.<\/p>\n\n\n\n<p class=\"has-text-align-center\"><\/p>\n\n\n<div class=\"wp-block-image\">\n<figure class=\"aligncenter size-large is-resized\"><img loading=\"lazy\" decoding=\"async\" width=\"450\" height=\"450\" src=\"https:\/\/freunde-kk-bgd.de\/wp-content\/uploads\/2023\/08\/logo_NEU-450x450.png\" alt=\"\" class=\"wp-image-1299\" style=\"width:268px;height:268px\" srcset=\"https:\/\/freunde-kk-bgd.de\/wp-content\/uploads\/2023\/08\/logo_NEU-450x450.png 450w, https:\/\/freunde-kk-bgd.de\/wp-content\/uploads\/2023\/08\/logo_NEU-300x300.png 300w, https:\/\/freunde-kk-bgd.de\/wp-content\/uploads\/2023\/08\/logo_NEU-150x150.png 150w, https:\/\/freunde-kk-bgd.de\/wp-content\/uploads\/2023\/08\/logo_NEU-768x768.png 768w, https:\/\/freunde-kk-bgd.de\/wp-content\/uploads\/2023\/08\/logo_NEU-1536x1536.png 1536w, https:\/\/freunde-kk-bgd.de\/wp-content\/uploads\/2023\/08\/logo_NEU-2048x2048.png 2048w, https:\/\/freunde-kk-bgd.de\/wp-content\/uploads\/2023\/08\/logo_NEU-1568x1568.png 1568w\" sizes=\"auto, (max-width: 450px) 100vw, 450px\" \/><\/figure>\n<\/div>\n\n<div\r\n    \tclass=\"alignwide wp-block-ctrb-counters\"    id='ctrbCounters-2'\r\n    data-attributes='{&quot;counters&quot;:[{&quot;background&quot;:{&quot;color&quot;:&quot;#0000&quot;,&quot;type&quot;:&quot;solid&quot;},&quot;icon&quot;:{&quot;class&quot;:&quot;&quot;,&quot;fontSize&quot;:50,&quot;color&quot;:&quot;rgba(1, 1, 1, 1)&quot;,&quot;name&quot;:&quot;no-icon&quot;,&quot;colorType&quot;:&quot;solid&quot;},&quot;number&quot;:{&quot;start&quot;:0,&quot;end&quot;:168,&quot;prefix&quot;:&quot;&quot;,&quot;suffix&quot;:&quot; Mitglieder aktuell&quot;,&quot;color&quot;:&quot;rgba(17, 16, 18, 1)&quot;},&quot;label&quot;:{&quot;text&quot;:&quot;Products&quot;,&quot;color&quot;:&quot;rgba(0, 0, 0, 1)&quot;}}],&quot;theme&quot;:&quot;theme2&quot;,&quot;columns&quot;:{&quot;desktop&quot;:1,&quot;tablet&quot;:2,&quot;mobile&quot;:1},&quot;background&quot;:{&quot;color&quot;:&quot;#0000&quot;,&quot;type&quot;:&quot;solid&quot;},&quot;padding&quot;:{&quot;vertical&quot;:&quot;20px&quot;,&quot;horizontal&quot;:&quot;150px&quot;,&quot;side&quot;:4,&quot;top&quot;:&quot;20px&quot;,&quot;right&quot;:&quot;150px&quot;,&quot;bottom&quot;:&quot;20px&quot;,&quot;left&quot;:&quot;150px&quot;},&quot;counterWidth&quot;:&quot;550px&quot;,&quot;counterHeight&quot;:&quot;100px&quot;,&quot;isLabel&quot;:false,&quot;counterPadding&quot;:{&quot;vertical&quot;:&quot;20px&quot;,&quot;horizontal&quot;:&quot;20px&quot;,&quot;side&quot;:4,&quot;top&quot;:&quot;20px&quot;,&quot;right&quot;:&quot;20px&quot;,&quot;bottom&quot;:&quot;20px&quot;,&quot;left&quot;:&quot;20px&quot;},&quot;counterBorder&quot;:{&quot;radius&quot;:&quot;5px&quot;,&quot;width&quot;:&quot;3px&quot;,&quot;color&quot;:&quot;rgba(18, 18, 19, 1)&quot;},&quot;align&quot;:&quot;wide&quot;,&quot;columnGap&quot;:&quot;20px&quot;,&quot;rowGap&quot;:&quot;30px&quot;,&quot;duration&quot;:2000,&quot;separator&quot;:{&quot;char&quot;:&quot;&quot;},&quot;textAlign&quot;:&quot;center&quot;,&quot;isIcon&quot;:true,&quot;iconSize&quot;:50,&quot;iconPosition&quot;:&quot;top&quot;,&quot;numberTypo&quot;:{&quot;fontSize&quot;:{&quot;desktop&quot;:&quot;48px&quot;,&quot;tablet&quot;:&quot;40px&quot;,&quot;mobile&quot;:&quot;32px&quot;}},&quot;isSubLabel&quot;:false,&quot;labelTypo&quot;:{&quot;fontSize&quot;:{&quot;desktop&quot;:&quot;22px&quot;,&quot;tablet&quot;:&quot;20px&quot;,&quot;mobile&quot;:&quot;18px&quot;}},&quot;subLabelTypo&quot;:{&quot;fontSize&quot;:{&quot;desktop&quot;:&quot;14px&quot;,&quot;tablet&quot;:&quot;12px&quot;,&quot;mobile&quot;:&quot;12px&quot;}},&quot;counterShadow&quot;:[],&quot;counterMultiShadow&quot;:[{&quot;hOffset&quot;:&quot;0px&quot;,&quot;vOffset&quot;:&quot;4px&quot;,&quot;blur&quot;:&quot;6px&quot;,&quot;spread&quot;:&quot;-1px&quot;,&quot;color&quot;:&quot;rgba(0, 0, 0, 0.1)&quot;,&quot;isInset&quot;:false},{&quot;hOffset&quot;:&quot;0px&quot;,&quot;vOffset&quot;:&quot;2px&quot;,&quot;blur&quot;:&quot;4px&quot;,&quot;spread&quot;:&quot;-2px&quot;,&quot;color&quot;:&quot;rgba(0, 0, 0, 0.1)&quot;,&quot;isInset&quot;:false}],&quot;counterHoverMultiShadow&quot;:[{&quot;hOffset&quot;:&quot;0px&quot;,&quot;vOffset&quot;:&quot;10px&quot;,&quot;blur&quot;:&quot;15px&quot;,&quot;spread&quot;:&quot;-3px&quot;,&quot;color&quot;:&quot;rgba(0, 0, 0, 0.1)&quot;,&quot;isInset&quot;:false},{&quot;hOffset&quot;:&quot;0px&quot;,&quot;vOffset&quot;:&quot;4px&quot;,&quot;blur&quot;:&quot;6px&quot;,&quot;spread&quot;:&quot;-4px&quot;,&quot;color&quot;:&quot;rgba(0, 0, 0, 0.1)&quot;,&quot;isInset&quot;:false}],&quot;numberBox&quot;:[],&quot;iconContainer&quot;:{&quot;dimensions&quot;:{&quot;height&quot;:&quot;64px&quot;,&quot;width&quot;:&quot;64px&quot;}},&quot;circle&quot;:{&quot;radius&quot;:70,&quot;stroke&quot;:9},&quot;proControls&quot;:{&quot;isReverse&quot;:false,&quot;decimals&quot;:0,&quot;easing&quot;:&quot;linear&quot;,&quot;delay&quot;:0,&quot;repeatOnScroll&quot;:false,&quot;isAnimateIcon&quot;:false,&quot;animationType&quot;:&quot;classic&quot;,&quot;rollingStaggerMode&quot;:&quot;per-counter&quot;,&quot;trigger&quot;:&quot;onVisible&quot;,&quot;customTriggerSelector&quot;:&quot;&quot;}}'\r\n><\/div>\n\n\n<p><\/p>\n","protected":false},"excerpt":{"rendered":"<p>&#8212;&#8212;&#8212;&#8212;&#8212;&#8212;&#8212;&#8212;&#8212;&#8212;&#8212;&#8212;&#8212;&#8212;&#8212;&#8212;&#8212;&#8212;&#8212;&#8212;&#8212;&#8211; Das traditionelle Herbstgrillen f\u00fcr die Mitarbeiter der Fachklinik Berchtesgaden fand bei passendem Wetter statt. Mit dabei waren unter anderem Standortleiter Stefan Prawda, Chef\u00e4rztin Dr. Kornelia Zenker-Wendlinger und Doris Mielsch vom Betriebsrat. Gesponsert wurde die gut besuchte Festivit\u00e4t von den Freunden der Fachklinik Berchtesgaden; f\u00fcr den Verein waren Irmgard Sch\u00f6ner-Lenz, Ute Spiesberger und Schriftf\u00fchrer Hermann&hellip; <a class=\"more-link\" href=\"https:\/\/freunde-kk-bgd.de\/?page_id=24\"><span class=\"screen-reader-text\">Aktuelles<\/span> weiterlesen<\/a><\/p>\n","protected":false},"author":3,"featured_media":0,"parent":0,"menu_order":0,"comment_status":"closed","ping_status":"closed","template":"","meta":{"footnotes":""},"class_list":["post-24","page","type-page","status-publish","hentry","entry"],"yoast_head":"<!-- This site is optimized with the Yoast SEO plugin v27.3 - https:\/\/yoast.com\/product\/yoast-seo-wordpress\/ -->\n<title>Aktuelles - Freunde der Fachklinik Berchtesgaden e.V.<\/title>\n<meta name=\"robots\" content=\"index, follow, max-snippet:-1, max-image-preview:large, max-video-preview:-1\" \/>\n<link rel=\"canonical\" href=\"https:\/\/freunde-kk-bgd.de\/?page_id=24\" \/>\n<meta property=\"og:locale\" content=\"de_DE\" \/>\n<meta property=\"og:type\" content=\"article\" \/>\n<meta property=\"og:title\" content=\"Aktuelles - Freunde der Fachklinik Berchtesgaden e.V.\" \/>\n<meta property=\"og:description\" content=\"&#8212;&#8212;&#8212;&#8212;&#8212;&#8212;&#8212;&#8212;&#8212;&#8212;&#8212;&#8212;&#8212;&#8212;&#8212;&#8212;&#8212;&#8212;&#8212;&#8212;&#8212;&#8211; Das traditionelle Herbstgrillen f\u00fcr die Mitarbeiter der Fachklinik Berchtesgaden fand bei passendem Wetter statt. Mit dabei waren unter anderem Standortleiter Stefan Prawda, Chef\u00e4rztin Dr. Kornelia Zenker-Wendlinger und Doris Mielsch vom Betriebsrat. Gesponsert wurde die gut besuchte Festivit\u00e4t von den Freunden der Fachklinik Berchtesgaden; f\u00fcr den Verein waren Irmgard Sch\u00f6ner-Lenz, Ute Spiesberger und Schriftf\u00fchrer Hermann&hellip; Aktuelles weiterlesen\" \/>\n<meta property=\"og:url\" content=\"https:\/\/freunde-kk-bgd.de\/?page_id=24\" \/>\n<meta property=\"og:site_name\" content=\"Freunde der Fachklinik Berchtesgaden e.V.\" \/>\n<meta property=\"article:modified_time\" content=\"2026-04-03T21:05:34+00:00\" \/>\n<meta property=\"og:image\" content=\"https:\/\/freunde-kk-bgd.de\/wp-content\/uploads\/2026\/04\/Einladung-Maiandacht-05_2026.jpg\" \/>\n\t<meta property=\"og:image:width\" content=\"1024\" \/>\n\t<meta property=\"og:image:height\" content=\"1536\" \/>\n\t<meta property=\"og:image:type\" content=\"image\/jpeg\" \/>\n<meta name=\"twitter:card\" content=\"summary_large_image\" \/>\n<meta name=\"twitter:label1\" content=\"Gesch\u00e4tzte Lesezeit\" \/>\n\t<meta name=\"twitter:data1\" content=\"2\u00a0Minuten\" \/>\n<script type=\"application\/ld+json\" class=\"yoast-schema-graph\">{\"@context\":\"https:\\\/\\\/schema.org\",\"@graph\":[{\"@type\":\"WebPage\",\"@id\":\"https:\\\/\\\/freunde-kk-bgd.de\\\/?page_id=24\",\"url\":\"https:\\\/\\\/freunde-kk-bgd.de\\\/?page_id=24\",\"name\":\"Aktuelles - Freunde der Fachklinik Berchtesgaden e.V.\",\"isPartOf\":{\"@id\":\"https:\\\/\\\/freunde-kk-bgd.de\\\/#website\"},\"primaryImageOfPage\":{\"@id\":\"https:\\\/\\\/freunde-kk-bgd.de\\\/?page_id=24#primaryimage\"},\"image\":{\"@id\":\"https:\\\/\\\/freunde-kk-bgd.de\\\/?page_id=24#primaryimage\"},\"thumbnailUrl\":\"https:\\\/\\\/freunde-kk-bgd.de\\\/wp-content\\\/uploads\\\/2026\\\/04\\\/Einladung-Maiandacht-05_2026-300x450.jpg\",\"datePublished\":\"2020-06-12T18:46:27+00:00\",\"dateModified\":\"2026-04-03T21:05:34+00:00\",\"breadcrumb\":{\"@id\":\"https:\\\/\\\/freunde-kk-bgd.de\\\/?page_id=24#breadcrumb\"},\"inLanguage\":\"de\",\"potentialAction\":[{\"@type\":\"ReadAction\",\"target\":[\"https:\\\/\\\/freunde-kk-bgd.de\\\/?page_id=24\"]}]},{\"@type\":\"ImageObject\",\"inLanguage\":\"de\",\"@id\":\"https:\\\/\\\/freunde-kk-bgd.de\\\/?page_id=24#primaryimage\",\"url\":\"https:\\\/\\\/freunde-kk-bgd.de\\\/wp-content\\\/uploads\\\/2026\\\/04\\\/Einladung-Maiandacht-05_2026.jpg\",\"contentUrl\":\"https:\\\/\\\/freunde-kk-bgd.de\\\/wp-content\\\/uploads\\\/2026\\\/04\\\/Einladung-Maiandacht-05_2026.jpg\",\"width\":1024,\"height\":1536},{\"@type\":\"BreadcrumbList\",\"@id\":\"https:\\\/\\\/freunde-kk-bgd.de\\\/?page_id=24#breadcrumb\",\"itemListElement\":[{\"@type\":\"ListItem\",\"position\":1,\"name\":\"Startseite\",\"item\":\"https:\\\/\\\/freunde-kk-bgd.de\\\/\"},{\"@type\":\"ListItem\",\"position\":2,\"name\":\"Aktuelles\"}]},{\"@type\":\"WebSite\",\"@id\":\"https:\\\/\\\/freunde-kk-bgd.de\\\/#website\",\"url\":\"https:\\\/\\\/freunde-kk-bgd.de\\\/\",\"name\":\"Freunde der Fachklinik Berchtesgaden e.V.\",\"description\":\"\",\"publisher\":{\"@id\":\"https:\\\/\\\/freunde-kk-bgd.de\\\/#organization\"},\"potentialAction\":[{\"@type\":\"SearchAction\",\"target\":{\"@type\":\"EntryPoint\",\"urlTemplate\":\"https:\\\/\\\/freunde-kk-bgd.de\\\/?s={search_term_string}\"},\"query-input\":{\"@type\":\"PropertyValueSpecification\",\"valueRequired\":true,\"valueName\":\"search_term_string\"}}],\"inLanguage\":\"de\"},{\"@type\":\"Organization\",\"@id\":\"https:\\\/\\\/freunde-kk-bgd.de\\\/#organization\",\"name\":\"Freunde der Fachklinik Berchtesgaden e.V., F\u00f6rderverein, Fachklinik, Berchtesgaden\",\"url\":\"https:\\\/\\\/freunde-kk-bgd.de\\\/\",\"logo\":{\"@type\":\"ImageObject\",\"inLanguage\":\"de\",\"@id\":\"https:\\\/\\\/freunde-kk-bgd.de\\\/#\\\/schema\\\/logo\\\/image\\\/\",\"url\":\"https:\\\/\\\/freunde-kk-bgd.de\\\/wp-content\\\/uploads\\\/2023\\\/08\\\/Logo_FK_BGD_eV.jpg\",\"contentUrl\":\"https:\\\/\\\/freunde-kk-bgd.de\\\/wp-content\\\/uploads\\\/2023\\\/08\\\/Logo_FK_BGD_eV.jpg\",\"width\":1276,\"height\":1363,\"caption\":\"Freunde der Fachklinik Berchtesgaden e.V., F\u00f6rderverein, Fachklinik, Berchtesgaden\"},\"image\":{\"@id\":\"https:\\\/\\\/freunde-kk-bgd.de\\\/#\\\/schema\\\/logo\\\/image\\\/\"}}]}<\/script>\n<!-- \/ Yoast SEO plugin. -->","yoast_head_json":{"title":"Aktuelles - Freunde der Fachklinik Berchtesgaden e.V.","robots":{"index":"index","follow":"follow","max-snippet":"max-snippet:-1","max-image-preview":"max-image-preview:large","max-video-preview":"max-video-preview:-1"},"canonical":"https:\/\/freunde-kk-bgd.de\/?page_id=24","og_locale":"de_DE","og_type":"article","og_title":"Aktuelles - Freunde der Fachklinik Berchtesgaden e.V.","og_description":"&#8212;&#8212;&#8212;&#8212;&#8212;&#8212;&#8212;&#8212;&#8212;&#8212;&#8212;&#8212;&#8212;&#8212;&#8212;&#8212;&#8212;&#8212;&#8212;&#8212;&#8212;&#8211; Das traditionelle Herbstgrillen f\u00fcr die Mitarbeiter der Fachklinik Berchtesgaden fand bei passendem Wetter statt. Mit dabei waren unter anderem Standortleiter Stefan Prawda, Chef\u00e4rztin Dr. Kornelia Zenker-Wendlinger und Doris Mielsch vom Betriebsrat. Gesponsert wurde die gut besuchte Festivit\u00e4t von den Freunden der Fachklinik Berchtesgaden; f\u00fcr den Verein waren Irmgard Sch\u00f6ner-Lenz, Ute Spiesberger und Schriftf\u00fchrer Hermann&hellip; Aktuelles weiterlesen","og_url":"https:\/\/freunde-kk-bgd.de\/?page_id=24","og_site_name":"Freunde der Fachklinik Berchtesgaden e.V.","article_modified_time":"2026-04-03T21:05:34+00:00","og_image":[{"width":1024,"height":1536,"url":"https:\/\/freunde-kk-bgd.de\/wp-content\/uploads\/2026\/04\/Einladung-Maiandacht-05_2026.jpg","type":"image\/jpeg"}],"twitter_card":"summary_large_image","twitter_misc":{"Gesch\u00e4tzte Lesezeit":"2\u00a0Minuten"},"schema":{"@context":"https:\/\/schema.org","@graph":[{"@type":"WebPage","@id":"https:\/\/freunde-kk-bgd.de\/?page_id=24","url":"https:\/\/freunde-kk-bgd.de\/?page_id=24","name":"Aktuelles - Freunde der Fachklinik Berchtesgaden e.V.","isPartOf":{"@id":"https:\/\/freunde-kk-bgd.de\/#website"},"primaryImageOfPage":{"@id":"https:\/\/freunde-kk-bgd.de\/?page_id=24#primaryimage"},"image":{"@id":"https:\/\/freunde-kk-bgd.de\/?page_id=24#primaryimage"},"thumbnailUrl":"https:\/\/freunde-kk-bgd.de\/wp-content\/uploads\/2026\/04\/Einladung-Maiandacht-05_2026-300x450.jpg","datePublished":"2020-06-12T18:46:27+00:00","dateModified":"2026-04-03T21:05:34+00:00","breadcrumb":{"@id":"https:\/\/freunde-kk-bgd.de\/?page_id=24#breadcrumb"},"inLanguage":"de","potentialAction":[{"@type":"ReadAction","target":["https:\/\/freunde-kk-bgd.de\/?page_id=24"]}]},{"@type":"ImageObject","inLanguage":"de","@id":"https:\/\/freunde-kk-bgd.de\/?page_id=24#primaryimage","url":"https:\/\/freunde-kk-bgd.de\/wp-content\/uploads\/2026\/04\/Einladung-Maiandacht-05_2026.jpg","contentUrl":"https:\/\/freunde-kk-bgd.de\/wp-content\/uploads\/2026\/04\/Einladung-Maiandacht-05_2026.jpg","width":1024,"height":1536},{"@type":"BreadcrumbList","@id":"https:\/\/freunde-kk-bgd.de\/?page_id=24#breadcrumb","itemListElement":[{"@type":"ListItem","position":1,"name":"Startseite","item":"https:\/\/freunde-kk-bgd.de\/"},{"@type":"ListItem","position":2,"name":"Aktuelles"}]},{"@type":"WebSite","@id":"https:\/\/freunde-kk-bgd.de\/#website","url":"https:\/\/freunde-kk-bgd.de\/","name":"Freunde der Fachklinik Berchtesgaden e.V.","description":"","publisher":{"@id":"https:\/\/freunde-kk-bgd.de\/#organization"},"potentialAction":[{"@type":"SearchAction","target":{"@type":"EntryPoint","urlTemplate":"https:\/\/freunde-kk-bgd.de\/?s={search_term_string}"},"query-input":{"@type":"PropertyValueSpecification","valueRequired":true,"valueName":"search_term_string"}}],"inLanguage":"de"},{"@type":"Organization","@id":"https:\/\/freunde-kk-bgd.de\/#organization","name":"Freunde der Fachklinik Berchtesgaden e.V., F\u00f6rderverein, Fachklinik, Berchtesgaden","url":"https:\/\/freunde-kk-bgd.de\/","logo":{"@type":"ImageObject","inLanguage":"de","@id":"https:\/\/freunde-kk-bgd.de\/#\/schema\/logo\/image\/","url":"https:\/\/freunde-kk-bgd.de\/wp-content\/uploads\/2023\/08\/Logo_FK_BGD_eV.jpg","contentUrl":"https:\/\/freunde-kk-bgd.de\/wp-content\/uploads\/2023\/08\/Logo_FK_BGD_eV.jpg","width":1276,"height":1363,"caption":"Freunde der Fachklinik Berchtesgaden e.V., F\u00f6rderverein, Fachklinik, Berchtesgaden"},"image":{"@id":"https:\/\/freunde-kk-bgd.de\/#\/schema\/logo\/image\/"}}]}},"publishpress_future_action":{"enabled":false,"date":"2026-04-20 19:08:27","action":"change-status","newStatus":"draft","terms":[],"taxonomy":"","extraData":[]},"publishpress_future_workflow_manual_trigger":{"enabledWorkflows":[]},"_links":{"self":[{"href":"https:\/\/freunde-kk-bgd.de\/index.php?rest_route=\/wp\/v2\/pages\/24","targetHints":{"allow":["GET"]}}],"collection":[{"href":"https:\/\/freunde-kk-bgd.de\/index.php?rest_route=\/wp\/v2\/pages"}],"about":[{"href":"https:\/\/freunde-kk-bgd.de\/index.php?rest_route=\/wp\/v2\/types\/page"}],"author":[{"embeddable":true,"href":"https:\/\/freunde-kk-bgd.de\/index.php?rest_route=\/wp\/v2\/users\/3"}],"replies":[{"embeddable":true,"href":"https:\/\/freunde-kk-bgd.de\/index.php?rest_route=%2Fwp%2Fv2%2Fcomments&post=24"}],"version-history":[{"count":131,"href":"https:\/\/freunde-kk-bgd.de\/index.php?rest_route=\/wp\/v2\/pages\/24\/revisions"}],"predecessor-version":[{"id":1673,"href":"https:\/\/freunde-kk-bgd.de\/index.php?rest_route=\/wp\/v2\/pages\/24\/revisions\/1673"}],"wp:attachment":[{"href":"https:\/\/freunde-kk-bgd.de\/index.php?rest_route=%2Fwp%2Fv2%2Fmedia&parent=24"}],"curies":[{"name":"wp","href":"https:\/\/api.w.org\/{rel}","templated":true}]}}