{"id":20,"date":"2020-06-12T18:45:38","date_gmt":"2020-06-12T18:45:38","guid":{"rendered":"https:\/\/freunde-kk-bgd.de\/?page_id=20"},"modified":"2023-08-30T17:57:09","modified_gmt":"2023-08-30T17:57:09","slug":"flyer-beitrittserklaerung-zum-drucken","status":"publish","type":"page","link":"https:\/\/freunde-kk-bgd.de\/?page_id=20","title":{"rendered":"Mitglied werden"},"content":{"rendered":"\n<div class=\"wp-block-media-text has-media-on-the-right is-stacked-on-mobile\" style=\"grid-template-columns:auto 15%\"><div class=\"wp-block-media-text__content\">\n<p class=\"has-extra-large-font-size\"><strong>Mitglied werden<\/strong><\/p>\n<\/div><figure class=\"wp-block-media-text__media\"><img loading=\"lazy\" decoding=\"async\" width=\"248\" height=\"248\" src=\"https:\/\/freunde-kk-bgd.de\/wp-content\/uploads\/2023\/08\/logo_NEUklein.png\" alt=\"\" class=\"wp-image-1323 size-full\" srcset=\"https:\/\/freunde-kk-bgd.de\/wp-content\/uploads\/2023\/08\/logo_NEUklein.png 248w, https:\/\/freunde-kk-bgd.de\/wp-content\/uploads\/2023\/08\/logo_NEUklein-150x150.png 150w\" sizes=\"auto, (max-width: 248px) 100vw, 248px\" \/><\/figure><\/div>\n\n\n\n<p>Hier k\u00f6nnen Sie unsere Mitgliederbrosch\u00fcre und Beitrittserkl\u00e4rung herunterladen:<\/p>\n\n\n\n<div data-wp-interactive=\"core\/file\" class=\"wp-block-file\"><object data-wp-bind--hidden=\"!state.hasPdfPreview\" hidden class=\"wp-block-file__embed\" data=\"https:\/\/freunde-kk-bgd.de\/wp-content\/uploads\/2023\/08\/Flyer_Fachklinik_BGD_eV_2023.pdf\" type=\"application\/pdf\" style=\"width:100%;height:600px\" aria-label=\"Einbettung von Flyer_Fachklinik_BGD_eV_2023.\"><\/object><a id=\"wp-block-file--media-25483714-b7d7-4c8a-97bc-d2d494a85596\" href=\"https:\/\/freunde-kk-bgd.de\/wp-content\/uploads\/2023\/08\/Flyer_Fachklinik_BGD_eV_2023.pdf\">Flyer_Fachklinik_BGD_eV_2023<\/a><a href=\"https:\/\/freunde-kk-bgd.de\/wp-content\/uploads\/2023\/08\/Flyer_Fachklinik_BGD_eV_2023.pdf\" class=\"wp-block-file__button wp-element-button\" download aria-describedby=\"wp-block-file--media-25483714-b7d7-4c8a-97bc-d2d494a85596\">Herunterladen<\/a><\/div>\n","protected":false},"excerpt":{"rendered":"<p>Mitglied werden Hier k\u00f6nnen Sie unsere Mitgliederbrosch\u00fcre und Beitrittserkl\u00e4rung herunterladen:<\/p>\n","protected":false},"author":3,"featured_media":0,"parent":0,"menu_order":0,"comment_status":"closed","ping_status":"closed","template":"","meta":{"footnotes":""},"class_list":["post-20","page","type-page","status-publish","hentry","entry"],"yoast_head":"<!-- This site is optimized with the Yoast SEO plugin v27.5 - https:\/\/yoast.com\/product\/yoast-seo-wordpress\/ -->\n<title>Mitglied werden - Freunde der Fachklinik Berchtesgaden e.V.<\/title>\n<meta name=\"robots\" content=\"index, follow, max-snippet:-1, max-image-preview:large, max-video-preview:-1\" \/>\n<link rel=\"canonical\" href=\"https:\/\/freunde-kk-bgd.de\/?page_id=20\" \/>\n<meta property=\"og:locale\" content=\"de_DE\" \/>\n<meta property=\"og:type\" content=\"article\" \/>\n<meta property=\"og:title\" content=\"Mitglied werden - Freunde der Fachklinik Berchtesgaden e.V.\" \/>\n<meta property=\"og:description\" content=\"Mitglied werden Hier k\u00f6nnen Sie unsere Mitgliederbrosch\u00fcre und Beitrittserkl\u00e4rung herunterladen:\" \/>\n<meta property=\"og:url\" content=\"https:\/\/freunde-kk-bgd.de\/?page_id=20\" \/>\n<meta property=\"og:site_name\" content=\"Freunde der Fachklinik Berchtesgaden e.V.\" \/>\n<meta property=\"article:modified_time\" content=\"2023-08-30T17:57:09+00:00\" \/>\n<meta property=\"og:image\" content=\"https:\/\/freunde-kk-bgd.de\/wp-content\/uploads\/2023\/08\/logo_NEUklein.png\" \/>\n<meta name=\"twitter:card\" content=\"summary_large_image\" \/>\n<meta name=\"twitter:label1\" content=\"Gesch\u00e4tzte Lesezeit\" \/>\n\t<meta name=\"twitter:data1\" content=\"1\u00a0Minute\" \/>\n<script type=\"application\/ld+json\" class=\"yoast-schema-graph\">{\"@context\":\"https:\\\/\\\/schema.org\",\"@graph\":[{\"@type\":\"WebPage\",\"@id\":\"https:\\\/\\\/freunde-kk-bgd.de\\\/?page_id=20\",\"url\":\"https:\\\/\\\/freunde-kk-bgd.de\\\/?page_id=20\",\"name\":\"Mitglied werden - Freunde der Fachklinik Berchtesgaden e.V.\",\"isPartOf\":{\"@id\":\"https:\\\/\\\/freunde-kk-bgd.de\\\/#website\"},\"primaryImageOfPage\":{\"@id\":\"https:\\\/\\\/freunde-kk-bgd.de\\\/?page_id=20#primaryimage\"},\"image\":{\"@id\":\"https:\\\/\\\/freunde-kk-bgd.de\\\/?page_id=20#primaryimage\"},\"thumbnailUrl\":\"https:\\\/\\\/freunde-kk-bgd.de\\\/wp-content\\\/uploads\\\/2023\\\/08\\\/logo_NEUklein.png\",\"datePublished\":\"2020-06-12T18:45:38+00:00\",\"dateModified\":\"2023-08-30T17:57:09+00:00\",\"breadcrumb\":{\"@id\":\"https:\\\/\\\/freunde-kk-bgd.de\\\/?page_id=20#breadcrumb\"},\"inLanguage\":\"de\",\"potentialAction\":[{\"@type\":\"ReadAction\",\"target\":[\"https:\\\/\\\/freunde-kk-bgd.de\\\/?page_id=20\"]}]},{\"@type\":\"ImageObject\",\"inLanguage\":\"de\",\"@id\":\"https:\\\/\\\/freunde-kk-bgd.de\\\/?page_id=20#primaryimage\",\"url\":\"https:\\\/\\\/freunde-kk-bgd.de\\\/wp-content\\\/uploads\\\/2023\\\/08\\\/logo_NEUklein.png\",\"contentUrl\":\"https:\\\/\\\/freunde-kk-bgd.de\\\/wp-content\\\/uploads\\\/2023\\\/08\\\/logo_NEUklein.png\",\"width\":248,\"height\":248},{\"@type\":\"BreadcrumbList\",\"@id\":\"https:\\\/\\\/freunde-kk-bgd.de\\\/?page_id=20#breadcrumb\",\"itemListElement\":[{\"@type\":\"ListItem\",\"position\":1,\"name\":\"Startseite\",\"item\":\"https:\\\/\\\/freunde-kk-bgd.de\\\/\"},{\"@type\":\"ListItem\",\"position\":2,\"name\":\"Mitglied werden\"}]},{\"@type\":\"WebSite\",\"@id\":\"https:\\\/\\\/freunde-kk-bgd.de\\\/#website\",\"url\":\"https:\\\/\\\/freunde-kk-bgd.de\\\/\",\"name\":\"Freunde der Fachklinik Berchtesgaden e.V.\",\"description\":\"\",\"publisher\":{\"@id\":\"https:\\\/\\\/freunde-kk-bgd.de\\\/#organization\"},\"potentialAction\":[{\"@type\":\"SearchAction\",\"target\":{\"@type\":\"EntryPoint\",\"urlTemplate\":\"https:\\\/\\\/freunde-kk-bgd.de\\\/?s={search_term_string}\"},\"query-input\":{\"@type\":\"PropertyValueSpecification\",\"valueRequired\":true,\"valueName\":\"search_term_string\"}}],\"inLanguage\":\"de\"},{\"@type\":\"Organization\",\"@id\":\"https:\\\/\\\/freunde-kk-bgd.de\\\/#organization\",\"name\":\"Freunde der Fachklinik Berchtesgaden e.V., F\u00f6rderverein, Fachklinik, Berchtesgaden\",\"url\":\"https:\\\/\\\/freunde-kk-bgd.de\\\/\",\"logo\":{\"@type\":\"ImageObject\",\"inLanguage\":\"de\",\"@id\":\"https:\\\/\\\/freunde-kk-bgd.de\\\/#\\\/schema\\\/logo\\\/image\\\/\",\"url\":\"https:\\\/\\\/freunde-kk-bgd.de\\\/wp-content\\\/uploads\\\/2023\\\/08\\\/Logo_FK_BGD_eV.jpg\",\"contentUrl\":\"https:\\\/\\\/freunde-kk-bgd.de\\\/wp-content\\\/uploads\\\/2023\\\/08\\\/Logo_FK_BGD_eV.jpg\",\"width\":1276,\"height\":1363,\"caption\":\"Freunde der Fachklinik Berchtesgaden e.V., F\u00f6rderverein, Fachklinik, Berchtesgaden\"},\"image\":{\"@id\":\"https:\\\/\\\/freunde-kk-bgd.de\\\/#\\\/schema\\\/logo\\\/image\\\/\"}}]}<\/script>\n<!-- \/ Yoast SEO plugin. -->","yoast_head_json":{"title":"Mitglied werden - Freunde der Fachklinik Berchtesgaden e.V.","robots":{"index":"index","follow":"follow","max-snippet":"max-snippet:-1","max-image-preview":"max-image-preview:large","max-video-preview":"max-video-preview:-1"},"canonical":"https:\/\/freunde-kk-bgd.de\/?page_id=20","og_locale":"de_DE","og_type":"article","og_title":"Mitglied werden - Freunde der Fachklinik Berchtesgaden e.V.","og_description":"Mitglied werden Hier k\u00f6nnen Sie unsere Mitgliederbrosch\u00fcre und Beitrittserkl\u00e4rung herunterladen:","og_url":"https:\/\/freunde-kk-bgd.de\/?page_id=20","og_site_name":"Freunde der Fachklinik Berchtesgaden e.V.","article_modified_time":"2023-08-30T17:57:09+00:00","og_image":[{"url":"https:\/\/freunde-kk-bgd.de\/wp-content\/uploads\/2023\/08\/logo_NEUklein.png","type":"","width":"","height":""}],"twitter_card":"summary_large_image","twitter_misc":{"Gesch\u00e4tzte Lesezeit":"1\u00a0Minute"},"schema":{"@context":"https:\/\/schema.org","@graph":[{"@type":"WebPage","@id":"https:\/\/freunde-kk-bgd.de\/?page_id=20","url":"https:\/\/freunde-kk-bgd.de\/?page_id=20","name":"Mitglied werden - Freunde der Fachklinik Berchtesgaden e.V.","isPartOf":{"@id":"https:\/\/freunde-kk-bgd.de\/#website"},"primaryImageOfPage":{"@id":"https:\/\/freunde-kk-bgd.de\/?page_id=20#primaryimage"},"image":{"@id":"https:\/\/freunde-kk-bgd.de\/?page_id=20#primaryimage"},"thumbnailUrl":"https:\/\/freunde-kk-bgd.de\/wp-content\/uploads\/2023\/08\/logo_NEUklein.png","datePublished":"2020-06-12T18:45:38+00:00","dateModified":"2023-08-30T17:57:09+00:00","breadcrumb":{"@id":"https:\/\/freunde-kk-bgd.de\/?page_id=20#breadcrumb"},"inLanguage":"de","potentialAction":[{"@type":"ReadAction","target":["https:\/\/freunde-kk-bgd.de\/?page_id=20"]}]},{"@type":"ImageObject","inLanguage":"de","@id":"https:\/\/freunde-kk-bgd.de\/?page_id=20#primaryimage","url":"https:\/\/freunde-kk-bgd.de\/wp-content\/uploads\/2023\/08\/logo_NEUklein.png","contentUrl":"https:\/\/freunde-kk-bgd.de\/wp-content\/uploads\/2023\/08\/logo_NEUklein.png","width":248,"height":248},{"@type":"BreadcrumbList","@id":"https:\/\/freunde-kk-bgd.de\/?page_id=20#breadcrumb","itemListElement":[{"@type":"ListItem","position":1,"name":"Startseite","item":"https:\/\/freunde-kk-bgd.de\/"},{"@type":"ListItem","position":2,"name":"Mitglied werden"}]},{"@type":"WebSite","@id":"https:\/\/freunde-kk-bgd.de\/#website","url":"https:\/\/freunde-kk-bgd.de\/","name":"Freunde der Fachklinik Berchtesgaden e.V.","description":"","publisher":{"@id":"https:\/\/freunde-kk-bgd.de\/#organization"},"potentialAction":[{"@type":"SearchAction","target":{"@type":"EntryPoint","urlTemplate":"https:\/\/freunde-kk-bgd.de\/?s={search_term_string}"},"query-input":{"@type":"PropertyValueSpecification","valueRequired":true,"valueName":"search_term_string"}}],"inLanguage":"de"},{"@type":"Organization","@id":"https:\/\/freunde-kk-bgd.de\/#organization","name":"Freunde der Fachklinik Berchtesgaden e.V., F\u00f6rderverein, Fachklinik, Berchtesgaden","url":"https:\/\/freunde-kk-bgd.de\/","logo":{"@type":"ImageObject","inLanguage":"de","@id":"https:\/\/freunde-kk-bgd.de\/#\/schema\/logo\/image\/","url":"https:\/\/freunde-kk-bgd.de\/wp-content\/uploads\/2023\/08\/Logo_FK_BGD_eV.jpg","contentUrl":"https:\/\/freunde-kk-bgd.de\/wp-content\/uploads\/2023\/08\/Logo_FK_BGD_eV.jpg","width":1276,"height":1363,"caption":"Freunde der Fachklinik Berchtesgaden e.V., F\u00f6rderverein, Fachklinik, Berchtesgaden"},"image":{"@id":"https:\/\/freunde-kk-bgd.de\/#\/schema\/logo\/image\/"}}]}},"publishpress_future_action":{"enabled":false,"date":"2026-05-09 09:45:05","action":"change-status","newStatus":"draft","terms":[],"taxonomy":"","extraData":[]},"publishpress_future_workflow_manual_trigger":{"enabledWorkflows":[]},"_links":{"self":[{"href":"https:\/\/freunde-kk-bgd.de\/index.php?rest_route=\/wp\/v2\/pages\/20","targetHints":{"allow":["GET"]}}],"collection":[{"href":"https:\/\/freunde-kk-bgd.de\/index.php?rest_route=\/wp\/v2\/pages"}],"about":[{"href":"https:\/\/freunde-kk-bgd.de\/index.php?rest_route=\/wp\/v2\/types\/page"}],"author":[{"embeddable":true,"href":"https:\/\/freunde-kk-bgd.de\/index.php?rest_route=\/wp\/v2\/users\/3"}],"replies":[{"embeddable":true,"href":"https:\/\/freunde-kk-bgd.de\/index.php?rest_route=%2Fwp%2Fv2%2Fcomments&post=20"}],"version-history":[{"count":28,"href":"https:\/\/freunde-kk-bgd.de\/index.php?rest_route=\/wp\/v2\/pages\/20\/revisions"}],"predecessor-version":[{"id":1328,"href":"https:\/\/freunde-kk-bgd.de\/index.php?rest_route=\/wp\/v2\/pages\/20\/revisions\/1328"}],"wp:attachment":[{"href":"https:\/\/freunde-kk-bgd.de\/index.php?rest_route=%2Fwp%2Fv2%2Fmedia&parent=20"}],"curies":[{"name":"wp","href":"https:\/\/api.w.org\/{rel}","templated":true}]}}