{"id":16,"date":"2020-06-12T18:44:49","date_gmt":"2020-06-12T18:44:49","guid":{"rendered":"https:\/\/freunde-kk-bgd.de\/?page_id=16"},"modified":"2024-07-10T12:22:51","modified_gmt":"2024-07-10T12:22:51","slug":"beirat","status":"publish","type":"page","link":"https:\/\/freunde-kk-bgd.de\/?page_id=16","title":{"rendered":"Beirat"},"content":{"rendered":"\n<div class=\"wp-block-media-text has-media-on-the-right is-stacked-on-mobile\" style=\"grid-template-columns:auto 15%\"><div class=\"wp-block-media-text__content\">\n<p class=\"has-extra-large-font-size\"><strong>Beirat<\/strong><\/p>\n<\/div><figure class=\"wp-block-media-text__media\"><img loading=\"lazy\" decoding=\"async\" width=\"248\" height=\"248\" src=\"https:\/\/freunde-kk-bgd.de\/wp-content\/uploads\/2023\/08\/logo_NEUklein.png\" alt=\"\" class=\"wp-image-1323 size-full\" srcset=\"https:\/\/freunde-kk-bgd.de\/wp-content\/uploads\/2023\/08\/logo_NEUklein.png 248w, https:\/\/freunde-kk-bgd.de\/wp-content\/uploads\/2023\/08\/logo_NEUklein-150x150.png 150w\" sizes=\"auto, (max-width: 248px) 100vw, 248px\" \/><\/figure><\/div>\n\n\n\n<p class=\"has-text-align-left\">Im Rahmen der Jahreshauptversammlung am 08. Juli 2024 wurden die bis dahin amtierenden Beir\u00e4te satzungsgem\u00e4\u00df verabschiedet. <br>Die Ernennung neuer Beir\u00e4te obliegt &#8211; ebenfalls lt. Satzung &#8211; der neu gew\u00e4hlten Vorstandschaft der Freunde der Fachklinik Berchtesgaden e.V. und erfolgt nach Beratungsbedarf. <\/p>\n","protected":false},"excerpt":{"rendered":"<p>Beirat Im Rahmen der Jahreshauptversammlung am 08. Juli 2024 wurden die bis dahin amtierenden Beir\u00e4te satzungsgem\u00e4\u00df verabschiedet. Die Ernennung neuer Beir\u00e4te obliegt &#8211; ebenfalls lt. Satzung &#8211; der neu gew\u00e4hlten Vorstandschaft der Freunde der Fachklinik Berchtesgaden e.V. und erfolgt nach Beratungsbedarf.<\/p>\n","protected":false},"author":3,"featured_media":0,"parent":0,"menu_order":0,"comment_status":"closed","ping_status":"closed","template":"","meta":{"footnotes":""},"class_list":["post-16","page","type-page","status-publish","hentry","entry"],"yoast_head":"<!-- This site is optimized with the Yoast SEO plugin v27.3 - https:\/\/yoast.com\/product\/yoast-seo-wordpress\/ -->\n<title>Beirat - Freunde der Fachklinik Berchtesgaden e.V.<\/title>\n<meta name=\"robots\" content=\"index, follow, max-snippet:-1, max-image-preview:large, max-video-preview:-1\" \/>\n<link rel=\"canonical\" href=\"https:\/\/freunde-kk-bgd.de\/?page_id=16\" \/>\n<meta property=\"og:locale\" content=\"de_DE\" \/>\n<meta property=\"og:type\" content=\"article\" \/>\n<meta property=\"og:title\" content=\"Beirat - Freunde der Fachklinik Berchtesgaden e.V.\" \/>\n<meta property=\"og:description\" content=\"Beirat Im Rahmen der Jahreshauptversammlung am 08. Juli 2024 wurden die bis dahin amtierenden Beir\u00e4te satzungsgem\u00e4\u00df verabschiedet. Die Ernennung neuer Beir\u00e4te obliegt &#8211; ebenfalls lt. Satzung &#8211; der neu gew\u00e4hlten Vorstandschaft der Freunde der Fachklinik Berchtesgaden e.V. und erfolgt nach Beratungsbedarf.\" \/>\n<meta property=\"og:url\" content=\"https:\/\/freunde-kk-bgd.de\/?page_id=16\" \/>\n<meta property=\"og:site_name\" content=\"Freunde der Fachklinik Berchtesgaden e.V.\" \/>\n<meta property=\"article:modified_time\" content=\"2024-07-10T12:22:51+00:00\" \/>\n<meta property=\"og:image\" content=\"https:\/\/freunde-kk-bgd.de\/wp-content\/uploads\/2023\/08\/logo_NEUklein.png\" \/>\n<meta name=\"twitter:card\" content=\"summary_large_image\" \/>\n<meta name=\"twitter:label1\" content=\"Gesch\u00e4tzte Lesezeit\" \/>\n\t<meta name=\"twitter:data1\" content=\"1\u00a0Minute\" \/>\n<script type=\"application\/ld+json\" class=\"yoast-schema-graph\">{\"@context\":\"https:\\\/\\\/schema.org\",\"@graph\":[{\"@type\":\"WebPage\",\"@id\":\"https:\\\/\\\/freunde-kk-bgd.de\\\/?page_id=16\",\"url\":\"https:\\\/\\\/freunde-kk-bgd.de\\\/?page_id=16\",\"name\":\"Beirat - Freunde der Fachklinik Berchtesgaden e.V.\",\"isPartOf\":{\"@id\":\"https:\\\/\\\/freunde-kk-bgd.de\\\/#website\"},\"primaryImageOfPage\":{\"@id\":\"https:\\\/\\\/freunde-kk-bgd.de\\\/?page_id=16#primaryimage\"},\"image\":{\"@id\":\"https:\\\/\\\/freunde-kk-bgd.de\\\/?page_id=16#primaryimage\"},\"thumbnailUrl\":\"https:\\\/\\\/freunde-kk-bgd.de\\\/wp-content\\\/uploads\\\/2023\\\/08\\\/logo_NEUklein.png\",\"datePublished\":\"2020-06-12T18:44:49+00:00\",\"dateModified\":\"2024-07-10T12:22:51+00:00\",\"breadcrumb\":{\"@id\":\"https:\\\/\\\/freunde-kk-bgd.de\\\/?page_id=16#breadcrumb\"},\"inLanguage\":\"de\",\"potentialAction\":[{\"@type\":\"ReadAction\",\"target\":[\"https:\\\/\\\/freunde-kk-bgd.de\\\/?page_id=16\"]}]},{\"@type\":\"ImageObject\",\"inLanguage\":\"de\",\"@id\":\"https:\\\/\\\/freunde-kk-bgd.de\\\/?page_id=16#primaryimage\",\"url\":\"https:\\\/\\\/freunde-kk-bgd.de\\\/wp-content\\\/uploads\\\/2023\\\/08\\\/logo_NEUklein.png\",\"contentUrl\":\"https:\\\/\\\/freunde-kk-bgd.de\\\/wp-content\\\/uploads\\\/2023\\\/08\\\/logo_NEUklein.png\",\"width\":248,\"height\":248},{\"@type\":\"BreadcrumbList\",\"@id\":\"https:\\\/\\\/freunde-kk-bgd.de\\\/?page_id=16#breadcrumb\",\"itemListElement\":[{\"@type\":\"ListItem\",\"position\":1,\"name\":\"Startseite\",\"item\":\"https:\\\/\\\/freunde-kk-bgd.de\\\/\"},{\"@type\":\"ListItem\",\"position\":2,\"name\":\"Beirat\"}]},{\"@type\":\"WebSite\",\"@id\":\"https:\\\/\\\/freunde-kk-bgd.de\\\/#website\",\"url\":\"https:\\\/\\\/freunde-kk-bgd.de\\\/\",\"name\":\"Freunde der Fachklinik Berchtesgaden e.V.\",\"description\":\"\",\"publisher\":{\"@id\":\"https:\\\/\\\/freunde-kk-bgd.de\\\/#organization\"},\"potentialAction\":[{\"@type\":\"SearchAction\",\"target\":{\"@type\":\"EntryPoint\",\"urlTemplate\":\"https:\\\/\\\/freunde-kk-bgd.de\\\/?s={search_term_string}\"},\"query-input\":{\"@type\":\"PropertyValueSpecification\",\"valueRequired\":true,\"valueName\":\"search_term_string\"}}],\"inLanguage\":\"de\"},{\"@type\":\"Organization\",\"@id\":\"https:\\\/\\\/freunde-kk-bgd.de\\\/#organization\",\"name\":\"Freunde der Fachklinik Berchtesgaden e.V., F\u00f6rderverein, Fachklinik, Berchtesgaden\",\"url\":\"https:\\\/\\\/freunde-kk-bgd.de\\\/\",\"logo\":{\"@type\":\"ImageObject\",\"inLanguage\":\"de\",\"@id\":\"https:\\\/\\\/freunde-kk-bgd.de\\\/#\\\/schema\\\/logo\\\/image\\\/\",\"url\":\"https:\\\/\\\/freunde-kk-bgd.de\\\/wp-content\\\/uploads\\\/2023\\\/08\\\/Logo_FK_BGD_eV.jpg\",\"contentUrl\":\"https:\\\/\\\/freunde-kk-bgd.de\\\/wp-content\\\/uploads\\\/2023\\\/08\\\/Logo_FK_BGD_eV.jpg\",\"width\":1276,\"height\":1363,\"caption\":\"Freunde der Fachklinik Berchtesgaden e.V., F\u00f6rderverein, Fachklinik, Berchtesgaden\"},\"image\":{\"@id\":\"https:\\\/\\\/freunde-kk-bgd.de\\\/#\\\/schema\\\/logo\\\/image\\\/\"}}]}<\/script>\n<!-- \/ Yoast SEO plugin. -->","yoast_head_json":{"title":"Beirat - Freunde der Fachklinik Berchtesgaden e.V.","robots":{"index":"index","follow":"follow","max-snippet":"max-snippet:-1","max-image-preview":"max-image-preview:large","max-video-preview":"max-video-preview:-1"},"canonical":"https:\/\/freunde-kk-bgd.de\/?page_id=16","og_locale":"de_DE","og_type":"article","og_title":"Beirat - Freunde der Fachklinik Berchtesgaden e.V.","og_description":"Beirat Im Rahmen der Jahreshauptversammlung am 08. Juli 2024 wurden die bis dahin amtierenden Beir\u00e4te satzungsgem\u00e4\u00df verabschiedet. Die Ernennung neuer Beir\u00e4te obliegt &#8211; ebenfalls lt. Satzung &#8211; der neu gew\u00e4hlten Vorstandschaft der Freunde der Fachklinik Berchtesgaden e.V. und erfolgt nach Beratungsbedarf.","og_url":"https:\/\/freunde-kk-bgd.de\/?page_id=16","og_site_name":"Freunde der Fachklinik Berchtesgaden e.V.","article_modified_time":"2024-07-10T12:22:51+00:00","og_image":[{"url":"https:\/\/freunde-kk-bgd.de\/wp-content\/uploads\/2023\/08\/logo_NEUklein.png","type":"","width":"","height":""}],"twitter_card":"summary_large_image","twitter_misc":{"Gesch\u00e4tzte Lesezeit":"1\u00a0Minute"},"schema":{"@context":"https:\/\/schema.org","@graph":[{"@type":"WebPage","@id":"https:\/\/freunde-kk-bgd.de\/?page_id=16","url":"https:\/\/freunde-kk-bgd.de\/?page_id=16","name":"Beirat - Freunde der Fachklinik Berchtesgaden e.V.","isPartOf":{"@id":"https:\/\/freunde-kk-bgd.de\/#website"},"primaryImageOfPage":{"@id":"https:\/\/freunde-kk-bgd.de\/?page_id=16#primaryimage"},"image":{"@id":"https:\/\/freunde-kk-bgd.de\/?page_id=16#primaryimage"},"thumbnailUrl":"https:\/\/freunde-kk-bgd.de\/wp-content\/uploads\/2023\/08\/logo_NEUklein.png","datePublished":"2020-06-12T18:44:49+00:00","dateModified":"2024-07-10T12:22:51+00:00","breadcrumb":{"@id":"https:\/\/freunde-kk-bgd.de\/?page_id=16#breadcrumb"},"inLanguage":"de","potentialAction":[{"@type":"ReadAction","target":["https:\/\/freunde-kk-bgd.de\/?page_id=16"]}]},{"@type":"ImageObject","inLanguage":"de","@id":"https:\/\/freunde-kk-bgd.de\/?page_id=16#primaryimage","url":"https:\/\/freunde-kk-bgd.de\/wp-content\/uploads\/2023\/08\/logo_NEUklein.png","contentUrl":"https:\/\/freunde-kk-bgd.de\/wp-content\/uploads\/2023\/08\/logo_NEUklein.png","width":248,"height":248},{"@type":"BreadcrumbList","@id":"https:\/\/freunde-kk-bgd.de\/?page_id=16#breadcrumb","itemListElement":[{"@type":"ListItem","position":1,"name":"Startseite","item":"https:\/\/freunde-kk-bgd.de\/"},{"@type":"ListItem","position":2,"name":"Beirat"}]},{"@type":"WebSite","@id":"https:\/\/freunde-kk-bgd.de\/#website","url":"https:\/\/freunde-kk-bgd.de\/","name":"Freunde der Fachklinik Berchtesgaden e.V.","description":"","publisher":{"@id":"https:\/\/freunde-kk-bgd.de\/#organization"},"potentialAction":[{"@type":"SearchAction","target":{"@type":"EntryPoint","urlTemplate":"https:\/\/freunde-kk-bgd.de\/?s={search_term_string}"},"query-input":{"@type":"PropertyValueSpecification","valueRequired":true,"valueName":"search_term_string"}}],"inLanguage":"de"},{"@type":"Organization","@id":"https:\/\/freunde-kk-bgd.de\/#organization","name":"Freunde der Fachklinik Berchtesgaden e.V., F\u00f6rderverein, Fachklinik, Berchtesgaden","url":"https:\/\/freunde-kk-bgd.de\/","logo":{"@type":"ImageObject","inLanguage":"de","@id":"https:\/\/freunde-kk-bgd.de\/#\/schema\/logo\/image\/","url":"https:\/\/freunde-kk-bgd.de\/wp-content\/uploads\/2023\/08\/Logo_FK_BGD_eV.jpg","contentUrl":"https:\/\/freunde-kk-bgd.de\/wp-content\/uploads\/2023\/08\/Logo_FK_BGD_eV.jpg","width":1276,"height":1363,"caption":"Freunde der Fachklinik Berchtesgaden e.V., F\u00f6rderverein, Fachklinik, Berchtesgaden"},"image":{"@id":"https:\/\/freunde-kk-bgd.de\/#\/schema\/logo\/image\/"}}]}},"publishpress_future_action":{"enabled":false,"date":"2026-04-20 17:50:13","action":"change-status","newStatus":"draft","terms":[],"taxonomy":"","extraData":[]},"publishpress_future_workflow_manual_trigger":{"enabledWorkflows":[]},"_links":{"self":[{"href":"https:\/\/freunde-kk-bgd.de\/index.php?rest_route=\/wp\/v2\/pages\/16","targetHints":{"allow":["GET"]}}],"collection":[{"href":"https:\/\/freunde-kk-bgd.de\/index.php?rest_route=\/wp\/v2\/pages"}],"about":[{"href":"https:\/\/freunde-kk-bgd.de\/index.php?rest_route=\/wp\/v2\/types\/page"}],"author":[{"embeddable":true,"href":"https:\/\/freunde-kk-bgd.de\/index.php?rest_route=\/wp\/v2\/users\/3"}],"replies":[{"embeddable":true,"href":"https:\/\/freunde-kk-bgd.de\/index.php?rest_route=%2Fwp%2Fv2%2Fcomments&post=16"}],"version-history":[{"count":34,"href":"https:\/\/freunde-kk-bgd.de\/index.php?rest_route=\/wp\/v2\/pages\/16\/revisions"}],"predecessor-version":[{"id":1499,"href":"https:\/\/freunde-kk-bgd.de\/index.php?rest_route=\/wp\/v2\/pages\/16\/revisions\/1499"}],"wp:attachment":[{"href":"https:\/\/freunde-kk-bgd.de\/index.php?rest_route=%2Fwp%2Fv2%2Fmedia&parent=16"}],"curies":[{"name":"wp","href":"https:\/\/api.w.org\/{rel}","templated":true}]}}